{"id":111,"date":"2024-10-13T00:09:32","date_gmt":"2024-10-12T22:09:32","guid":{"rendered":"https:\/\/www.kastanek.at\/geow4\/?page_id=64"},"modified":"2025-02-17T18:28:55","modified_gmt":"2025-02-17T17:28:55","slug":"die-region","status":"publish","type":"page","link":"https:\/\/www.geow4.at\/en\/die-region\/","title":{"rendered":"The Waldviertel"},"content":{"rendered":"<p><strong>Place of myths, history and stories.<\/strong><\/p>\n\n\n\n<p>The Waldviertel is the north-western part of the Austrian federal state of Lower Austria. In the south, the Danube forms the border with Lower Austria's Mostviertel region. Clockwise from south-west to east, the neighbouring regions are the Upper Austrian M\u00fchlviertel, the Czech South Bohemia and the Lower Austrian Weinviertel with the striking Manhartsberg (537 m). Around 1400 ponds, bizarre rock formations, pristine natural forests and moors characterise the landscape of the Waldviertel. Here you can recharge your batteries on a hike in unspoilt nature or by visiting calming places of power. There are a multitude of castles, abbeys and palaces to discover. <\/p>\n\n\n\n<div class=\"wp-block-group\"><div class=\"wp-block-group__inner-container is-layout-constrained wp-block-group-is-layout-constrained\"><\/div><\/div>\n\n\n\n<div class=\"wp-block-columns is-layout-flex wp-container-core-columns-is-layout-9d6595d7 wp-block-columns-is-layout-flex\">\n<div class=\"wp-block-column is-layout-flow wp-block-column-is-layout-flow\"><style>.kb-image111_75e919-43 .kb-image-has-overlay:after{opacity:0.3;}<\/style>\n<figure class=\"wp-block-kadence-image kb-image111_75e919-43 size-woocommerce_single\"><img data-recalc-dims=\"1\" loading=\"lazy\" decoding=\"async\" width=\"398\" height=\"600\" src=\"https:\/\/i0.wp.com\/www.geow4.at\/wp-content\/uploads\/2025\/02\/mysthik-e1738497760641.webp?resize=398%2C600&#038;ssl=1\" alt=\"\" class=\"kb-img wp-image-1297\"\/><\/figure>\n<\/div>\n\n\n\n<div class=\"wp-block-column is-layout-flow wp-block-column-is-layout-flow\">\n<p>Here are a few links to browse through:<\/p>\n\n\n\n<ul class=\"wp-block-list\">\n<li><strong><a href=\"https:\/\/www.waldviertel.at\/\" target=\"_blank\" rel=\"noreferrer noopener\"><strong>waldviertel.at<\/strong><\/a><\/strong><\/li>\n<\/ul>\n\n\n\n<ul class=\"wp-block-list\">\n<li><strong><a href=\"https:\/\/www.waldviertel.at\/ausflugsziele\" target=\"_blank\" rel=\"noreferrer noopener\"><strong>Excursion destinations<\/strong><\/a><\/strong><\/li>\n<\/ul>\n\n\n\n<ul class=\"wp-block-list\">\n<li><strong><a href=\"https:\/\/de.wikipedia.org\/wiki\/Waldviertel\" target=\"_blank\" rel=\"noreferrer noopener\"><strong>Waldviertel on Wikipedia<\/strong><\/a><\/strong><\/li>\n<\/ul>\n\n\n\n<ul class=\"wp-block-list\">\n<li><strong><a href=\"https:\/\/de.wikipedia.org\/wiki\/Horner_Becken\" target=\"_blank\" rel=\"noreferrer noopener\"><strong>Horner Becken on Wikipedia<\/strong><\/a><\/strong><\/li>\n<\/ul>\n\n\n\n<ul class=\"wp-block-list\">\n<li><strong><a href=\"https:\/\/www.eggenburg.gv.at\/system\/web\/getDocument.ashx?fileid=2031287&amp;cts=1632570980\">Eggenburg - City wall<\/a><\/strong><\/li>\n<\/ul>\n<\/div>\n<\/div>\n\n\n\n<p><\/p>","protected":false},"excerpt":{"rendered":"<p>Ort von Mythen, Geschichte und Geschichten. Das Waldviertel ist der nordwestliche Teil des \u00f6sterreichischen Bundeslandes Nieder\u00f6sterreich. Im S\u00fcden bildet die Donau die Grenze zum nieder\u00f6sterreichischen Mostviertel. Im Uhrzeigersinn von S\u00fcdwesten [&hellip;]<\/p>\n","protected":false},"author":5,"featured_media":0,"parent":0,"menu_order":0,"comment_status":"closed","ping_status":"closed","template":"","meta":{"_price":"","_stock":"","_tribe_ticket_header":"","_tribe_default_ticket_provider":"","_tribe_ticket_capacity":"0","_ticket_start_date":"","_ticket_end_date":"","_tribe_ticket_show_description":"","_tribe_ticket_show_not_going":false,"_tribe_ticket_use_global_stock":"","_tribe_ticket_global_stock_level":"","_global_stock_mode":"","_global_stock_cap":"","_tribe_rsvp_for_event":"","_tribe_ticket_going_count":"","_tribe_ticket_not_going_count":"","_tribe_tickets_list":"[]","_tribe_ticket_has_attendee_info_fields":false,"footnotes":""},"class_list":["post-111","page","type-page","status-publish","hentry"],"jetpack_sharing_enabled":true,"_links":{"self":[{"href":"https:\/\/www.geow4.at\/en\/wp-json\/wp\/v2\/pages\/111","targetHints":{"allow":["GET"]}}],"collection":[{"href":"https:\/\/www.geow4.at\/en\/wp-json\/wp\/v2\/pages"}],"about":[{"href":"https:\/\/www.geow4.at\/en\/wp-json\/wp\/v2\/types\/page"}],"author":[{"embeddable":true,"href":"https:\/\/www.geow4.at\/en\/wp-json\/wp\/v2\/users\/5"}],"replies":[{"embeddable":true,"href":"https:\/\/www.geow4.at\/en\/wp-json\/wp\/v2\/comments?post=111"}],"version-history":[{"count":3,"href":"https:\/\/www.geow4.at\/en\/wp-json\/wp\/v2\/pages\/111\/revisions"}],"predecessor-version":[{"id":1298,"href":"https:\/\/www.geow4.at\/en\/wp-json\/wp\/v2\/pages\/111\/revisions\/1298"}],"wp:attachment":[{"href":"https:\/\/www.geow4.at\/en\/wp-json\/wp\/v2\/media?parent=111"}],"curies":[{"name":"wp","href":"https:\/\/api.w.org\/{rel}","templated":true}]}}