{"id":114,"date":"2024-10-13T00:09:32","date_gmt":"2024-10-12T22:09:32","guid":{"rendered":"https:\/\/www.kastanek.at\/geow4\/?page_id=66"},"modified":"2025-02-17T18:31:06","modified_gmt":"2025-02-17T17:31:06","slug":"horn-per-bike","status":"publish","type":"page","link":"https:\/\/www.geow4.at\/en\/die-region\/horn-per-bike\/","title":{"rendered":"Explore the Horn Basin by bike"},"content":{"rendered":"<p><\/p>\n\n\n\n<div class=\"wp-block-columns is-layout-flex wp-container-core-columns-is-layout-9d6595d7 wp-block-columns-is-layout-flex\">\n<div class=\"wp-block-column is-layout-flow wp-block-column-is-layout-flow\" style=\"flex-basis:33.33%\"><style>.kb-image114_8f883d-78 .kb-image-has-overlay:after{opacity:0.3;}<\/style>\n<figure class=\"wp-block-kadence-image kb-image114_8f883d-78\"><img data-recalc-dims=\"1\" loading=\"lazy\" decoding=\"async\" width=\"340\" height=\"250\" src=\"https:\/\/i0.wp.com\/www.geow4.at\/wp-content\/uploads\/2024\/10\/rad.jpg?resize=340%2C250&#038;ssl=1\" class=\"kb-img wp-image-475\" srcset=\"https:\/\/i0.wp.com\/www.geow4.at\/wp-content\/uploads\/2024\/10\/rad.jpg?w=340&amp;ssl=1 340w, https:\/\/i0.wp.com\/www.geow4.at\/wp-content\/uploads\/2024\/10\/rad.jpg?resize=300%2C221&amp;ssl=1 300w, https:\/\/i0.wp.com\/www.geow4.at\/wp-content\/uploads\/2024\/10\/rad.jpg?resize=16%2C12&amp;ssl=1 16w\" sizes=\"auto, (max-width: 340px) 100vw, 340px\" \/><\/figure>\n<\/div>\n\n\n\n<div class=\"wp-block-column is-layout-flow wp-block-column-is-layout-flow\" style=\"flex-basis:66.66%\">\n<p>Horn is a good starting point for beautiful cycle tours. You can find some tours under the following links:<\/p>\n\n\n\n<p><strong><a href=\"https:\/\/www.geow4.at\/wp-content\/uploads\/2025\/02\/Radwege_Horn.pdf\" target=\"_blank\" rel=\"noreferrer noopener\"><strong>Cycling tours Horn district (4,91 MB)<\/strong><\/a><\/strong><br><strong><a href=\"https:\/\/loewenlos.com\/upload\/Loewenlos_Radkarte_2023.pdf\" target=\"_blank\" rel=\"noreferrer noopener\"><strong>L\u00f6wen-Los tours (22 MB)<\/strong><\/a><\/strong><\/p>\n<\/div>\n<\/div>\n\n\n\n<p><\/p>","protected":false},"excerpt":{"rendered":"<p>Horn eignet sich gut als Ausgangspunkt f\u00fcr sch\u00f6ne Radtouren. Einige Runden findest du unter den folgenden Links: Radrunden Bezirk Horn (4,91 MB)L\u00f6wen-los Runden (22 MB)<\/p>","protected":false},"author":5,"featured_media":0,"parent":111,"menu_order":0,"comment_status":"closed","ping_status":"closed","template":"","meta":{"_price":"","_stock":"","_tribe_ticket_header":"","_tribe_default_ticket_provider":"","_tribe_ticket_capacity":"0","_ticket_start_date":"","_ticket_end_date":"","_tribe_ticket_show_description":"","_tribe_ticket_show_not_going":false,"_tribe_ticket_use_global_stock":"","_tribe_ticket_global_stock_level":"","_global_stock_mode":"","_global_stock_cap":"","_tribe_rsvp_for_event":"","_tribe_ticket_going_count":"","_tribe_ticket_not_going_count":"","_tribe_tickets_list":"[]","_tribe_ticket_has_attendee_info_fields":false,"footnotes":""},"class_list":["post-114","page","type-page","status-publish","hentry"],"jetpack_sharing_enabled":true,"_links":{"self":[{"href":"https:\/\/www.geow4.at\/en\/wp-json\/wp\/v2\/pages\/114","targetHints":{"allow":["GET"]}}],"collection":[{"href":"https:\/\/www.geow4.at\/en\/wp-json\/wp\/v2\/pages"}],"about":[{"href":"https:\/\/www.geow4.at\/en\/wp-json\/wp\/v2\/types\/page"}],"author":[{"embeddable":true,"href":"https:\/\/www.geow4.at\/en\/wp-json\/wp\/v2\/users\/5"}],"replies":[{"embeddable":true,"href":"https:\/\/www.geow4.at\/en\/wp-json\/wp\/v2\/comments?post=114"}],"version-history":[{"count":5,"href":"https:\/\/www.geow4.at\/en\/wp-json\/wp\/v2\/pages\/114\/revisions"}],"predecessor-version":[{"id":1295,"href":"https:\/\/www.geow4.at\/en\/wp-json\/wp\/v2\/pages\/114\/revisions\/1295"}],"up":[{"embeddable":true,"href":"https:\/\/www.geow4.at\/en\/wp-json\/wp\/v2\/pages\/111"}],"wp:attachment":[{"href":"https:\/\/www.geow4.at\/en\/wp-json\/wp\/v2\/media?parent=114"}],"curies":[{"name":"wp","href":"https:\/\/api.w.org\/{rel}","templated":true}]}}