{"id":142,"date":"2024-10-13T02:12:59","date_gmt":"2024-10-13T00:12:59","guid":{"rendered":"https:\/\/www.kastanek.at\/geow4\/?page_id=142"},"modified":"2025-02-17T18:53:48","modified_gmt":"2025-02-17T17:53:48","slug":"verein","status":"publish","type":"page","link":"https:\/\/www.geow4.at\/en\/verein\/","title":{"rendered":"Association"},"content":{"rendered":"<h2 class=\"wp-block-heading\"><strong>GeoW4 Association<\/strong><\/h2>\n\n\n\n<p>The GeoW4 association was founded so that we could organise a major event in the Waldviertel in June 2024 with a supporting programme and new caches. The foundation created the legal basis for the event.<\/p>\n\n\n\n<p>The membership fees help us to pre-finance various necessary expenses. With your membership you enable us to continue planning.<\/p>\n\n\n\n<p>The annual membership fee is \u20ac10 (adults) or \u20ac5 (up to the age of 18). You will receive an annual request for payment (notice period 2 weeks, in writing at the end of the month).<\/p>\n\n\n\n<p>As a member, you will be invited to the Annual General Meeting in good time, where you will of course be given an account of the financial management. <\/p>\n\n\n\n<p>You can find the membership forms in the <a href=\"https:\/\/www.geow4.at\/en\/downloads.htm\/\"><strong>Download area<\/strong><\/a>. Fertig ausgef\u00fcllt schicke sie bitte an <strong>mitgliedschaft@geow4.at<\/strong><\/p>\n\n\n\n<p><\/p>","protected":false},"excerpt":{"rendered":"<p>Verein GeoW4 Der Verein GeoW4 wurde gegr\u00fcndet, damit wir im Juni 2024 ein gro\u00dfes Event im Waldviertel mit Rahmenprogramm und neuen Caches organisieren konnten. Mit der Gr\u00fcndung wurde die rechtliche [&hellip;]<\/p>\n","protected":false},"author":5,"featured_media":0,"parent":0,"menu_order":0,"comment_status":"closed","ping_status":"closed","template":"","meta":{"_price":"","_stock":"","_tribe_ticket_header":"","_tribe_default_ticket_provider":"","_tribe_ticket_capacity":"0","_ticket_start_date":"","_ticket_end_date":"","_tribe_ticket_show_description":"","_tribe_ticket_show_not_going":false,"_tribe_ticket_use_global_stock":"","_tribe_ticket_global_stock_level":"","_global_stock_mode":"","_global_stock_cap":"","_tribe_rsvp_for_event":"","_tribe_ticket_going_count":"","_tribe_ticket_not_going_count":"","_tribe_tickets_list":"[]","_tribe_ticket_has_attendee_info_fields":false,"footnotes":""},"class_list":["post-142","page","type-page","status-publish","hentry"],"jetpack_sharing_enabled":true,"_links":{"self":[{"href":"https:\/\/www.geow4.at\/en\/wp-json\/wp\/v2\/pages\/142","targetHints":{"allow":["GET"]}}],"collection":[{"href":"https:\/\/www.geow4.at\/en\/wp-json\/wp\/v2\/pages"}],"about":[{"href":"https:\/\/www.geow4.at\/en\/wp-json\/wp\/v2\/types\/page"}],"author":[{"embeddable":true,"href":"https:\/\/www.geow4.at\/en\/wp-json\/wp\/v2\/users\/5"}],"replies":[{"embeddable":true,"href":"https:\/\/www.geow4.at\/en\/wp-json\/wp\/v2\/comments?post=142"}],"version-history":[{"count":2,"href":"https:\/\/www.geow4.at\/en\/wp-json\/wp\/v2\/pages\/142\/revisions"}],"predecessor-version":[{"id":1214,"href":"https:\/\/www.geow4.at\/en\/wp-json\/wp\/v2\/pages\/142\/revisions\/1214"}],"wp:attachment":[{"href":"https:\/\/www.geow4.at\/en\/wp-json\/wp\/v2\/media?parent=142"}],"curies":[{"name":"wp","href":"https:\/\/api.w.org\/{rel}","templated":true}]}}