{"id":702,"date":"2024-12-13T13:12:36","date_gmt":"2024-12-13T12:12:36","guid":{"rendered":"http:\/\/sandbox.geow4.at\/?page_id=702"},"modified":"2025-02-17T18:59:26","modified_gmt":"2025-02-17T17:59:26","slug":"zahlung-versand","status":"publish","type":"page","link":"https:\/\/www.geow4.at\/en\/zahlung-versand\/","title":{"rendered":"Zahlung &amp; Versand"},"content":{"rendered":"<p><strong>Zahlung<\/strong><\/p>\n\n\n\n<p><strong><br>Vorkasse bzw. Bank\u00fcberweisung<\/strong><\/p>\n\n\n\n<p>Vorkasse bedeutet, Sie \u00fcberweisen mittels Bank\u00fcberweisung den f\u00e4lligen Betrag vorab auf unser Konto. Bitte geben Sie als Verwendungszweck die Bestellnummer an!<br><strong>Bestellungen, bei denen wir innerhalb von 14 Tagen keinen Zahlungseingang feststellen k\u00f6nnen, werden ausnahmslos storniert.<\/strong><\/p>\n\n\n\n<p><strong>Unsere Bankverbindungen:<\/strong><\/p>\n\n\n\n<p>IBAN:&nbsp;AT05 3299 0000 0387 8147<br>BIC:&nbsp;RLNWATWWZWE<br>Kontoinhaber:&nbsp;Verein GeoW4<br>Institut:&nbsp;Raiffeisenbank Region Waldviertel Mitte<br>&nbsp;<\/p>\n\n\n\n<p><strong>Lieferung &amp; Versandkosten<\/strong><\/p>\n\n\n\n<p><strong>Lieferung<\/strong><\/p>\n\n\n\n<p>Bestellungen werden gesammelt, und in einem dem Produktionsaufwand entsprechenden Zeitraum vor Stattfinden des jeweiligen Events bei unseren Lieferanten bestellt. Bei Erreichen dieses Zeitpunkts werden keine weiteren Bestellungen angenommen und die betreffenden Artikel nicht mehr im Shop angeboten. Der Betreiber beh\u00e4lt sich das Recht vor, eventuelle Mehrmengen beim Event vor Ort zu vertreiben.<\/p>\n\n\n\n<p><strong>Bestellungen zur Abholung<\/strong><\/p>\n\n\n\n<p>Waren, die zur Abholung am Event bestellt wurden stehen ausschlie\u00dflich an den Tagen des Events zur \u00d6ffnungszeit des Shops bzw. Infopoints vor Ort bereit (n\u00e4here Infos dazu vor dem Event auf&nbsp;<a href=\"https:\/\/www.geow4.at\/en\/\">www.geow4.at<\/a>).&nbsp;<br>Sollte eine pers\u00f6nliche Abholung zum angegebenen Zeitraum durch Verhinderung nicht m\u00f6glich sein, ist eine Abholung durch eine vom Kunden genannte Person m\u00f6glich, alternativ ist auch Versand der Bestellung gegen Ersatz der anfallenden Spesen m\u00f6glich (zu diesem Zeitpunkt g\u00fcltige Tarife der \u00d6sterreichischen Post AG zuz\u00fcglich der Kosten f\u00fcr Verpackung).&nbsp;Nehmen Sie diesbez\u00fcglich NACH dem Event mit uns Kontakt auf.<\/p>\n\n\n\n<p><strong>Bestellungen zum Versand<\/strong><\/p>\n\n\n\n<p>Der Versand von Artikeln ist nicht vorgesehen, der Betreiber nimmt ausschlie\u00dflich Bestellungen zur Abholung vor Ort an.<\/p>\n\n\n\n<p><strong>Versandkosten<\/strong> <\/p>\n\n\n\n<p>Die Versandkosten beinhalten alle Steuern, Abgaben und Aufschl\u00e4ge. Es fallen keine weiteren Kosten an.<br>Wir verrechnen nur den tats\u00e4chlichen Aufwand inkl. Fracht und anteiliger Verpackung.<br>Es gelten die zum Zeitpunkt der Bestellung g\u00fcltigen Versandkosten lt. \u00d6sterreichische Post AG.<br><br><\/p>\n\n\n\n<p><\/p>","protected":false},"excerpt":{"rendered":"<p>Zahlung Vorkasse bzw. Bank\u00fcberweisung Vorkasse bedeutet, Sie \u00fcberweisen mittels Bank\u00fcberweisung den f\u00e4lligen Betrag vorab auf unser Konto. Bitte geben Sie als Verwendungszweck die Bestellnummer an!Bestellungen, bei denen wir innerhalb von [&hellip;]<\/p>\n","protected":false},"author":3,"featured_media":0,"parent":0,"menu_order":0,"comment_status":"closed","ping_status":"closed","template":"","meta":{"_price":"","_stock":"","_tribe_ticket_header":"","_tribe_default_ticket_provider":"","_tribe_ticket_capacity":"0","_ticket_start_date":"","_ticket_end_date":"","_tribe_ticket_show_description":"","_tribe_ticket_show_not_going":false,"_tribe_ticket_use_global_stock":"","_tribe_ticket_global_stock_level":"","_global_stock_mode":"","_global_stock_cap":"","_tribe_rsvp_for_event":"","_tribe_ticket_going_count":"","_tribe_ticket_not_going_count":"","_tribe_tickets_list":"[]","_tribe_ticket_has_attendee_info_fields":false,"footnotes":""},"class_list":["post-702","page","type-page","status-publish","hentry"],"jetpack_sharing_enabled":true,"_links":{"self":[{"href":"https:\/\/www.geow4.at\/en\/wp-json\/wp\/v2\/pages\/702","targetHints":{"allow":["GET"]}}],"collection":[{"href":"https:\/\/www.geow4.at\/en\/wp-json\/wp\/v2\/pages"}],"about":[{"href":"https:\/\/www.geow4.at\/en\/wp-json\/wp\/v2\/types\/page"}],"author":[{"embeddable":true,"href":"https:\/\/www.geow4.at\/en\/wp-json\/wp\/v2\/users\/3"}],"replies":[{"embeddable":true,"href":"https:\/\/www.geow4.at\/en\/wp-json\/wp\/v2\/comments?post=702"}],"version-history":[{"count":2,"href":"https:\/\/www.geow4.at\/en\/wp-json\/wp\/v2\/pages\/702\/revisions"}],"predecessor-version":[{"id":1423,"href":"https:\/\/www.geow4.at\/en\/wp-json\/wp\/v2\/pages\/702\/revisions\/1423"}],"wp:attachment":[{"href":"https:\/\/www.geow4.at\/en\/wp-json\/wp\/v2\/media?parent=702"}],"curies":[{"name":"wp","href":"https:\/\/api.w.org\/{rel}","templated":true}]}}