{"id":837,"date":"2024-12-19T08:36:05","date_gmt":"2024-12-19T07:36:05","guid":{"rendered":"http:\/\/sandbox.geow4.at\/?post_type=product&#038;p=837"},"modified":"2025-10-15T08:42:24","modified_gmt":"2025-10-15T06:42:24","slug":"coin-mega-horn-2024","status":"publish","type":"product","link":"https:\/\/www.geow4.at\/en\/product\/coin-mega-horn-2024\/","title":{"rendered":"Coin &#8222;Mega Horn 2024&#8220;"},"content":{"rendered":"<p>The coin for the Mega Horn 2024 - in the form of the official event logo<\/p>\n<p>Finish: copper<br \/>\nEdition: Remaining stock<br \/>\nSize:  60\u00d745 mm<br \/>\nThickness: 4 mm<br \/>\nindividually packed in PVC sleeve<br \/>\nLaser-engraved tracking codes<\/p>","protected":false},"excerpt":{"rendered":"<p>Die M\u00fcnze f\u00fcr das Mega Horn 2024 &#8211; in Form des offiziellen Eventlogos Ausf\u00fchrung: copper Auflage: Restbestand Gr\u00f6\u00dfe: 60&#215;45 mm Dicke: 4 mm einzeln verpackt in PVC H\u00fclle lasergravierte Trackingcodes<\/p>","protected":false},"featured_media":875,"template":"","meta":{"_price":"10","_stock":"15.000000","_tribe_ticket_header":"","_tribe_default_ticket_provider":"","_tribe_ticket_capacity":"18","_ticket_start_date":"","_ticket_end_date":"","_tribe_ticket_show_description":"","_tribe_ticket_show_not_going":false,"_tribe_ticket_use_global_stock":"","_tribe_ticket_global_stock_level":"","_global_stock_mode":"","_global_stock_cap":"","_tribe_rsvp_for_event":"","_tribe_ticket_going_count":"","_tribe_ticket_not_going_count":"","_tribe_tickets_list":"[]","_tribe_ticket_has_attendee_info_fields":false,"jetpack_publicize_message":"","jetpack_publicize_feature_enabled":true,"jetpack_social_post_already_shared":false,"jetpack_social_options":{"image_generator_settings":{"template":"highway","default_image_id":0,"font":"","enabled":false},"version":2},"_tec_slr_enabled":"","_tec_slr_layout":""},"product_brand":[],"product_cat":[30,48],"product_tag":[],"class_list":{"0":"post-837","1":"product","2":"type-product","3":"status-publish","4":"has-post-thumbnail","6":"product_cat-coins","7":"product_cat-mega-2024","9":"first","10":"instock","11":"sale","12":"purchasable","13":"product-type-simple"},"jetpack_publicize_connections":[],"jetpack_sharing_enabled":true,"_links":{"self":[{"href":"https:\/\/www.geow4.at\/en\/wp-json\/wp\/v2\/product\/837","targetHints":{"allow":["GET"]}}],"collection":[{"href":"https:\/\/www.geow4.at\/en\/wp-json\/wp\/v2\/product"}],"about":[{"href":"https:\/\/www.geow4.at\/en\/wp-json\/wp\/v2\/types\/product"}],"wp:featuredmedia":[{"embeddable":true,"href":"https:\/\/www.geow4.at\/en\/wp-json\/wp\/v2\/media\/875"}],"wp:attachment":[{"href":"https:\/\/www.geow4.at\/en\/wp-json\/wp\/v2\/media?parent=837"}],"wp:term":[{"taxonomy":"product_brand","embeddable":true,"href":"https:\/\/www.geow4.at\/en\/wp-json\/wp\/v2\/product_brand?post=837"},{"taxonomy":"product_cat","embeddable":true,"href":"https:\/\/www.geow4.at\/en\/wp-json\/wp\/v2\/product_cat?post=837"},{"taxonomy":"product_tag","embeddable":true,"href":"https:\/\/www.geow4.at\/en\/wp-json\/wp\/v2\/product_tag?post=837"}],"curies":[{"name":"wp","href":"https:\/\/api.w.org\/{rel}","templated":true}]}}