{"id":880,"date":"2025-01-11T17:10:00","date_gmt":"2025-01-11T16:10:00","guid":{"rendered":"http:\/\/sandbox.geow4.at\/?post_type=product&#038;p=880"},"modified":"2026-03-15T15:54:56","modified_gmt":"2026-03-15T14:54:56","slug":"pathtag-geow4","status":"publish","type":"product","link":"https:\/\/www.geow4.at\/en\/product\/pathtag-geow4\/","title":{"rendered":"Pathtag &#8222;GeoW4&#8220;"},"content":{"rendered":"<p>round pathtag with the GeoW4 club logo<\/p>\n<p>Ausf\u00fchrung: Metall, schwarz<br \/>\nEdition: Remaining stock<br \/>\nSize: 30 mm diameter<\/p>\n<p><strong>not<\/strong> trackable on geocaching.com! further information on <a href=\"https:\/\/www.pathtags.com\">pathtags.com<\/a><\/p>\n<p><strong>What are pathtags?<\/strong><\/p>\n<p>Pathtags are truly user-created art that is transformed into high-quality metal signs. Primarily used as swap and loot items for geocaching, Pathtags have found their way into a whole range of fields such as scouting, military, schools, clubs and more.<\/p>","protected":false},"excerpt":{"rendered":"<p>runder Pathtag mit dem GeoW4 Vereinslogo Ausf\u00fchrung: Metall, schwarz Auflage: Restbestand Gr\u00f6\u00dfe: 30 mm Druchmesser nicht auf geocaching.com trackbar! weitere Infos auf pathtags.com Was sind Pathtags? Pathtags sind wirklich von [&hellip;]<\/p>\n","protected":false},"featured_media":882,"template":"","meta":{"_price":"5","_stock":"15","_tribe_ticket_header":"","_tribe_default_ticket_provider":"","_tribe_ticket_capacity":"18","_ticket_start_date":"","_ticket_end_date":"","_tribe_ticket_show_description":"","_tribe_ticket_show_not_going":false,"_tribe_ticket_use_global_stock":"","_tribe_ticket_global_stock_level":"","_global_stock_mode":"","_global_stock_cap":"","_tribe_rsvp_for_event":"","_tribe_ticket_going_count":"","_tribe_ticket_not_going_count":"","_tribe_tickets_list":"[]","_tribe_ticket_has_attendee_info_fields":false,"jetpack_publicize_message":"","jetpack_publicize_feature_enabled":true,"jetpack_social_post_already_shared":false,"jetpack_social_options":{"image_generator_settings":{"template":"highway","default_image_id":0,"font":"","enabled":false},"version":2},"_tec_slr_enabled":"","_tec_slr_layout":""},"product_brand":[],"product_cat":[48,47],"product_tag":[],"class_list":{"0":"post-880","1":"product","2":"type-product","3":"status-publish","4":"has-post-thumbnail","6":"product_cat-mega-2024","7":"product_cat-sonstiges","9":"first","10":"instock","11":"purchasable","12":"product-type-simple"},"jetpack_publicize_connections":[],"jetpack_sharing_enabled":true,"_links":{"self":[{"href":"https:\/\/www.geow4.at\/en\/wp-json\/wp\/v2\/product\/880","targetHints":{"allow":["GET"]}}],"collection":[{"href":"https:\/\/www.geow4.at\/en\/wp-json\/wp\/v2\/product"}],"about":[{"href":"https:\/\/www.geow4.at\/en\/wp-json\/wp\/v2\/types\/product"}],"wp:featuredmedia":[{"embeddable":true,"href":"https:\/\/www.geow4.at\/en\/wp-json\/wp\/v2\/media\/882"}],"wp:attachment":[{"href":"https:\/\/www.geow4.at\/en\/wp-json\/wp\/v2\/media?parent=880"}],"wp:term":[{"taxonomy":"product_brand","embeddable":true,"href":"https:\/\/www.geow4.at\/en\/wp-json\/wp\/v2\/product_brand?post=880"},{"taxonomy":"product_cat","embeddable":true,"href":"https:\/\/www.geow4.at\/en\/wp-json\/wp\/v2\/product_cat?post=880"},{"taxonomy":"product_tag","embeddable":true,"href":"https:\/\/www.geow4.at\/en\/wp-json\/wp\/v2\/product_tag?post=880"}],"curies":[{"name":"wp","href":"https:\/\/api.w.org\/{rel}","templated":true}]}}