{"id":884,"date":"2025-01-11T17:12:10","date_gmt":"2025-01-11T16:12:10","guid":{"rendered":"http:\/\/sandbox.geow4.at\/?post_type=product&#038;p=884"},"modified":"2025-10-15T07:40:25","modified_gmt":"2025-10-15T05:40:25","slug":"metal-tag-blockparty","status":"publish","type":"product","link":"https:\/\/www.geow4.at\/en\/product\/metal-tag-blockparty\/","title":{"rendered":"Metal-Tag &#8222;Blockparty&#8220;"},"content":{"rendered":"<p>Metal tag in block party design<\/p>\n<p>Front 4c print with scratch-resistant epoxy coating<br \/>\nTracking code laser engraved<\/p>\n<p>Size: 60\u00d736 mm<br \/>\nThickness: 1 mm<br \/>\nMaterial: aluminium, silver<br \/>\nincl. ball chain approx. 15-20 cm long<\/p>","protected":false},"excerpt":{"rendered":"<p>Metal Tag im Blockparty Design Vorderseite 4c Print mit kratzfestem Epoxid\u00fcberzug Trackingcode lasergraviert Gr\u00f6\u00dfe: 60&#215;36 mm Dicke: 1 mm Material: Aluminium, silber inkl. Kugelkette ca. 15-20 cm lang<\/p>","protected":false},"featured_media":885,"template":"","meta":{"_price":"3","_stock":"38.000000","_tribe_ticket_header":"","_tribe_default_ticket_provider":"","_tribe_ticket_capacity":"100","_ticket_start_date":"","_ticket_end_date":"","_tribe_ticket_show_description":"","_tribe_ticket_show_not_going":false,"_tribe_ticket_use_global_stock":"","_tribe_ticket_global_stock_level":"","_global_stock_mode":"","_global_stock_cap":"","_tribe_rsvp_for_event":"","_tribe_ticket_going_count":"","_tribe_ticket_not_going_count":"","_tribe_tickets_list":"[]","_tribe_ticket_has_attendee_info_fields":false,"jetpack_publicize_message":"","jetpack_publicize_feature_enabled":true,"jetpack_social_post_already_shared":false,"jetpack_social_options":{"image_generator_settings":{"template":"highway","default_image_id":0,"font":"","enabled":false},"version":2},"_tec_slr_enabled":"","_tec_slr_layout":""},"product_brand":[],"product_cat":[38,47],"product_tag":[39],"class_list":{"0":"post-884","1":"product","2":"type-product","3":"status-publish","4":"has-post-thumbnail","6":"product_cat-blockparty","7":"product_cat-sonstiges","8":"product_tag-blockparty","10":"first","11":"instock","12":"sale","13":"purchasable","14":"product-type-simple"},"jetpack_publicize_connections":[],"jetpack_sharing_enabled":true,"_links":{"self":[{"href":"https:\/\/www.geow4.at\/en\/wp-json\/wp\/v2\/product\/884","targetHints":{"allow":["GET"]}}],"collection":[{"href":"https:\/\/www.geow4.at\/en\/wp-json\/wp\/v2\/product"}],"about":[{"href":"https:\/\/www.geow4.at\/en\/wp-json\/wp\/v2\/types\/product"}],"wp:featuredmedia":[{"embeddable":true,"href":"https:\/\/www.geow4.at\/en\/wp-json\/wp\/v2\/media\/885"}],"wp:attachment":[{"href":"https:\/\/www.geow4.at\/en\/wp-json\/wp\/v2\/media?parent=884"}],"wp:term":[{"taxonomy":"product_brand","embeddable":true,"href":"https:\/\/www.geow4.at\/en\/wp-json\/wp\/v2\/product_brand?post=884"},{"taxonomy":"product_cat","embeddable":true,"href":"https:\/\/www.geow4.at\/en\/wp-json\/wp\/v2\/product_cat?post=884"},{"taxonomy":"product_tag","embeddable":true,"href":"https:\/\/www.geow4.at\/en\/wp-json\/wp\/v2\/product_tag?post=884"}],"curies":[{"name":"wp","href":"https:\/\/api.w.org\/{rel}","templated":true}]}}